{"id":34,"date":"2021-09-13T14:00:23","date_gmt":"2021-09-13T12:00:23","guid":{"rendered":"https:\/\/mobypower.pl\/?page_id=34"},"modified":"2021-09-13T17:05:12","modified_gmt":"2021-09-13T15:05:12","slug":"o-firmie","status":"publish","type":"page","link":"https:\/\/mobypower.pl\/","title":{"rendered":"O FIRMIE"},"content":{"rendered":"\n<div class=\"wp-block-image\"><figure class=\"aligncenter size-full\"><img loading=\"lazy\" decoding=\"async\" width=\"271\" height=\"148\" src=\"https:\/\/mobypower.pl\/wp-content\/uploads\/2021\/09\/logo-1.png\" alt=\"\" class=\"wp-image-134\"\/><\/figure><\/div>\n\n\n\n<h3 class=\"has-black-color has-text-color wp-block-heading\">Firma <strong>MOBYPOWER<\/strong> rozpocz\u0119\u0142a swoj\u0105 dzia\u0142alno\u015b\u0107 w 2010 roku. Od tego okresu jest doskonale rozwijaj\u0105c\u0105 si\u0119 jednostk\u0105 dysponuj\u0105c\u0105 w\u0142asn\u0105 kadr\u0105 wykwalifikowanych pracownik\u00f3w.<\/h3>\n\n\n\n<h3 class=\"has-black-color has-text-color wp-block-heading\">Przedsi\u0119biorstwo \u015bwiadczy kompleksowe wykonywanie us\u0142ug instalacji elektrycznych i teletechnicznych. Prowadzi budowy instalacji fotowoltaicznych. Ponadto projektuje i wykonuje elektrownie fotowoltaiczne. W swym zakresie zawiera r\u00f3wnie\u017c dob\u00f3r, sprzeda\u017c, monta\u017c system\u00f3w zasilania gwarantowanego &#8211; UPS, agregaty pr\u0105dotw\u00f3rcze oraz monta\u017c stacji SN i NN.<\/h3>\n\n\n\n<h1 class=\"wp-block-heading\"><strong>Wsp\u00f3\u0142pracujemy z <\/strong><\/h1>\n\n\n\n<h4 class=\"has-black-color has-text-color wp-block-heading\">Agis F&amp;S z siedzib\u0105 w Warszawie<\/h4>\n\n\n\n<h4 class=\"has-black-color has-text-color wp-block-heading\">Elbudprojekt SP. z o.o. z siedzib\u0105 w Prze\u017amierowie<\/h4>\n\n\n\n<h4 class=\"has-black-color has-text-color wp-block-heading\">Maybatt Sp. z o.o. S.K. z siedzib\u0105 w Warszawie<\/h4>\n\n\n\n<figure class=\"wp-block-image size-large\"><img loading=\"lazy\" decoding=\"async\" width=\"1024\" height=\"267\" src=\"https:\/\/mobypower.pl\/wp-content\/uploads\/2020\/10\/slide01-1024x267.jpg\" alt=\"\" class=\"wp-image-6\" srcset=\"https:\/\/mobypower.pl\/wp-content\/uploads\/2020\/10\/slide01-1024x267.jpg 1024w, https:\/\/mobypower.pl\/wp-content\/uploads\/2020\/10\/slide01-300x78.jpg 300w, https:\/\/mobypower.pl\/wp-content\/uploads\/2020\/10\/slide01-768x200.jpg 768w, https:\/\/mobypower.pl\/wp-content\/uploads\/2020\/10\/slide01.jpg 1150w\" sizes=\"auto, (max-width: 1024px) 100vw, 1024px\" \/><\/figure>\n","protected":false},"excerpt":{"rendered":"<p>Firma MOBYPOWER rozpocz\u0119\u0142a swoj\u0105 dzia\u0142alno\u015b\u0107 w 2010 roku. Od tego okresu jest doskonale rozwijaj\u0105c\u0105 si\u0119 jednostk\u0105 dysponuj\u0105c\u0105 w\u0142asn\u0105 kadr\u0105 wykwalifikowanych pracownik\u00f3w. Przedsi\u0119biorstwo<\/p>\n<p class=\"link-more\"><a class=\"myButt \" href=\"https:\/\/mobypower.pl\/\">Read More<\/a><\/p>\n","protected":false},"author":1,"featured_media":10,"parent":0,"menu_order":0,"comment_status":"closed","ping_status":"closed","template":"templeat-full-width.php","meta":{"footnotes":""},"class_list":["post-34","page","type-page","status-publish","has-post-thumbnail","hentry"],"_links":{"self":[{"href":"https:\/\/mobypower.pl\/index.php\/wp-json\/wp\/v2\/pages\/34","targetHints":{"allow":["GET"]}}],"collection":[{"href":"https:\/\/mobypower.pl\/index.php\/wp-json\/wp\/v2\/pages"}],"about":[{"href":"https:\/\/mobypower.pl\/index.php\/wp-json\/wp\/v2\/types\/page"}],"author":[{"embeddable":true,"href":"https:\/\/mobypower.pl\/index.php\/wp-json\/wp\/v2\/users\/1"}],"replies":[{"embeddable":true,"href":"https:\/\/mobypower.pl\/index.php\/wp-json\/wp\/v2\/comments?post=34"}],"version-history":[{"count":10,"href":"https:\/\/mobypower.pl\/index.php\/wp-json\/wp\/v2\/pages\/34\/revisions"}],"predecessor-version":[{"id":136,"href":"https:\/\/mobypower.pl\/index.php\/wp-json\/wp\/v2\/pages\/34\/revisions\/136"}],"wp:featuredmedia":[{"embeddable":true,"href":"https:\/\/mobypower.pl\/index.php\/wp-json\/wp\/v2\/media\/10"}],"wp:attachment":[{"href":"https:\/\/mobypower.pl\/index.php\/wp-json\/wp\/v2\/media?parent=34"}],"curies":[{"name":"wp","href":"https:\/\/api.w.org\/{rel}","templated":true}]}}