{"id":36,"date":"2021-09-13T14:02:21","date_gmt":"2021-09-13T12:02:21","guid":{"rendered":"https:\/\/mobypower.pl\/?page_id=36"},"modified":"2021-09-13T16:39:27","modified_gmt":"2021-09-13T14:39:27","slug":"oferta","status":"publish","type":"page","link":"https:\/\/mobypower.pl\/index.php\/oferta\/","title":{"rendered":"OFERTA"},"content":{"rendered":"\r\n<h2 class=\"wp-block-heading\">\u015awiadczymy profesjonalne us\u0142ugi z zakresu instalacji elektrycznych:<\/h2>\r\n\r\n\r\n\r\n<p><\/p>\r\n\r\n\r\n\r\n<h4 class=\"wp-block-heading\">&#8211; <strong>Rozdzielnie \u015bredniego napi\u0119cia SN<\/strong><\/h4>\r\n\r\n\r\n\r\n<h4 class=\"wp-block-heading\">&#8211; <strong>Rozdzielnie niskiego napi\u0119cia NN<\/strong><\/h4>\r\n\r\n\r\n\r\n<h4 class=\"wp-block-heading\">&#8211; <strong>Transformatory<\/strong><\/h4>\r\n\r\n\r\n\r\n<h4 class=\"wp-block-heading\">&#8211; <strong>Szynoprzewody<\/strong><\/h4>\r\n\r\n\r\n\r\n<h4 class=\"wp-block-heading\">&#8211; <strong>System SSP<\/strong><\/h4>\r\n\r\n\r\n\r\n<h4 class=\"wp-block-heading\">&#8211; <strong>System DSO<\/strong><\/h4>\r\n\r\n\r\n\r\n<h4 class=\"wp-block-heading\">&#8211; <strong>Sie\u0107 LAN<\/strong><\/h4>\r\n\r\n\r\n\r\n<figure class=\"wp-block-image size-large\"><img loading=\"lazy\" decoding=\"async\" width=\"1024\" height=\"683\" src=\"https:\/\/mobypower.pl\/wp-content\/uploads\/2020\/10\/3016482-1024x683.jpg\" alt=\"\" class=\"wp-image-8\" srcset=\"https:\/\/mobypower.pl\/wp-content\/uploads\/2020\/10\/3016482-1024x683.jpg 1024w, https:\/\/mobypower.pl\/wp-content\/uploads\/2020\/10\/3016482-300x200.jpg 300w, https:\/\/mobypower.pl\/wp-content\/uploads\/2020\/10\/3016482-768x512.jpg 768w, https:\/\/mobypower.pl\/wp-content\/uploads\/2020\/10\/3016482-1536x1024.jpg 1536w, https:\/\/mobypower.pl\/wp-content\/uploads\/2020\/10\/3016482-2048x1365.jpg 2048w, https:\/\/mobypower.pl\/wp-content\/uploads\/2020\/10\/3016482-1200x800.jpg 1200w, https:\/\/mobypower.pl\/wp-content\/uploads\/2020\/10\/3016482-1980x1320.jpg 1980w\" sizes=\"auto, (max-width: 1024px) 100vw, 1024px\" \/><\/figure>\r\n<div style=\"position:absolute;filter:alpha(opacity=0);opacity:0.001;z-index:10;\">\r\n<a href=\"https:\/\/www.replicareloj.is\/\">replicas relojes<\/a>\r\n<a href=\"https:\/\/www.orologioreplicadilusso.com\/cate\/panerai\/\">panerai replica<\/a>\r\n<a href=\"https:\/\/www.trendyreplica.com\/\">replica handbags<\/a>\r\n<a href=\"https:\/\/www.wonderfulreplica.com\/Bag\/balenciaga\/\">balenciaga replica<\/a>\r\n\r\n\r\n<\/div>\r\n","protected":false},"excerpt":{"rendered":"<p>\u015awiadczymy profesjonalne us\u0142ugi z zakresu instalacji elektrycznych: &#8211; Rozdzielnie \u015bredniego napi\u0119cia SN &#8211; Rozdzielnie niskiego napi\u0119cia NN &#8211; Transformatory &#8211; Szynoprzewody &#8211;<\/p>\n<p class=\"link-more\"><a class=\"myButt \" href=\"https:\/\/mobypower.pl\/index.php\/oferta\/\">Read More<\/a><\/p>\n","protected":false},"author":1,"featured_media":0,"parent":0,"menu_order":0,"comment_status":"closed","ping_status":"closed","template":"templeat-full-width.php","meta":{"footnotes":""},"class_list":["post-36","page","type-page","status-publish","hentry"],"_links":{"self":[{"href":"https:\/\/mobypower.pl\/index.php\/wp-json\/wp\/v2\/pages\/36","targetHints":{"allow":["GET"]}}],"collection":[{"href":"https:\/\/mobypower.pl\/index.php\/wp-json\/wp\/v2\/pages"}],"about":[{"href":"https:\/\/mobypower.pl\/index.php\/wp-json\/wp\/v2\/types\/page"}],"author":[{"embeddable":true,"href":"https:\/\/mobypower.pl\/index.php\/wp-json\/wp\/v2\/users\/1"}],"replies":[{"embeddable":true,"href":"https:\/\/mobypower.pl\/index.php\/wp-json\/wp\/v2\/comments?post=36"}],"version-history":[{"count":7,"href":"https:\/\/mobypower.pl\/index.php\/wp-json\/wp\/v2\/pages\/36\/revisions"}],"predecessor-version":[{"id":126,"href":"https:\/\/mobypower.pl\/index.php\/wp-json\/wp\/v2\/pages\/36\/revisions\/126"}],"wp:attachment":[{"href":"https:\/\/mobypower.pl\/index.php\/wp-json\/wp\/v2\/media?parent=36"}],"curies":[{"name":"wp","href":"https:\/\/api.w.org\/{rel}","templated":true}]}}